{"id":3,"date":"2019-12-24T11:27:54","date_gmt":"2019-12-24T11:27:54","guid":{"rendered":"http:\/\/www.warszawskiedrukarnie.pl\/?page_id=3"},"modified":"2020-01-20T12:18:22","modified_gmt":"2020-01-20T12:18:22","slug":"privacy-policy","status":"publish","type":"page","link":"https:\/\/www.warszawskiedrukarnie.pl\/?page_id=3","title":{"rendered":"Polityka prywatno\u015bci"},"content":{"rendered":"\n<h2 class=\"wp-block-heading\"><\/h2>\n\n\n\n<h2 class=\"wp-block-heading\">Polityka prywatno\u015bci opisuje zasady przetwarzania przez&nbsp;nas informacji na&nbsp;Tw\u00f3j&nbsp;temat, w&nbsp;tym danych osobowych oraz&nbsp;ciasteczek, czyli tzw. cookies.<\/h2>\n\n\n\n<hr class=\"wp-block-separator\"\/>\n\n\n\n<h2 class=\"wp-block-heading\"><strong>1. Informacje og\u00f3lne<\/strong><\/h2>\n\n\n\n<ol class=\"wp-block-list\"><li>Niniejsza polityka dotyczy Serwisu www, funkcjonuj\u0105cego pod&nbsp;adresem url:&nbsp;<strong>warszawskiedrukarnie.pl<\/strong><\/li><li>Operatorem serwisu oraz&nbsp;Administratorem danych osobowych jest: Zbigniew Chwedczuk 05-071 Sulej\u00f3wek<\/li><li>Adres kontaktowy poczty elektronicznej operatora: lapek6@gmail.com<\/li><li>Operator jest Administratorem Twoich&nbsp;danych osobowych w&nbsp;odniesieniu do&nbsp;danych podanych dobrowolnie w&nbsp;Serwisie.<\/li><li>Serwis wykorzystuje dane osobowe w&nbsp;nast\u0119puj\u0105cych celach:<ul><li>Prezentacja oferty lub informacji<\/li><\/ul><\/li><li>Serwis realizuje funkcje pozyskiwania informacji o&nbsp;u\u017cytkownikach i&nbsp;ich zachowaniu w&nbsp;nast\u0119puj\u0105cy spos\u00f3b:<ol><li>Poprzez dobrowolnie wprowadzone w&nbsp;formularzach dane, kt\u00f3re zostaj\u0105 wprowadzone do&nbsp;system\u00f3w Operatora.<\/li><li>Poprzez zapisywanie w&nbsp;urz\u0105dzeniach ko\u0144cowych plik\u00f3w cookie (tzw. \u201eciasteczka\u201d).<\/li><\/ol><\/li><\/ol>\n\n\n\n<h2 class=\"wp-block-heading\"><strong>2. Wybrane metody ochrony danych stosowane przez&nbsp;Operatora<\/strong><\/h2>\n\n\n\n<ol class=\"wp-block-list\"><li>Operator okresowo zmienia swoje has\u0142a administracyjne.<\/li><li>W&nbsp;celu ochrony danych Operator regularnie wykonuje kopie bezpiecze\u0144stwa.<\/li><li>Istotnym elementem ochrony danych jest regularna aktualizacja wszelkiego oprogramowania, wykorzystywanego przez&nbsp;Operatora do&nbsp;przetwarzania danych osobowych, co w&nbsp;szczeg\u00f3lno\u015bci oznacza regularne aktualizacje komponent\u00f3w programistycznych.<\/li><\/ol>\n\n\n\n<h2 class=\"wp-block-heading\"><strong>3. Hosting<\/strong><\/h2>\n\n\n\n<ol class=\"wp-block-list\"><li>Serwis jest hostowany (technicznie utrzymywany) na&nbsp;serwera operatora: linuxpl.com<\/li><li>Dane rejestrowe firmy hostingowej: H88 S.A. z&nbsp;siedzib\u0105 w&nbsp;Poznaniu, Franklina Roosevelta 22, 60-829 Pozna\u0144, wpisana do&nbsp;Krajowego Rejestru S\u0105dowego przez&nbsp;S\u0105d Rejonowy Pozna\u0144 \u2013 Nowe Miasto i&nbsp;Wilda w&nbsp;Poznaniu, Wydzia\u0142 VIII Gospodarczy Krajowego Rejestru S\u0105dowego pod&nbsp;nr&nbsp;KRS 0000612359, REGON 364261632, NIP 7822622168, kapita\u0142 zak\u0142adowy 210.000,00 z\u0142 w&nbsp;pe\u0142ni wp\u0142acony.<\/li><li>Pod&nbsp;adresem&nbsp;<a href=\"https:\/\/linuxpl.com\/\">https:\/\/linuxpl.com<\/a>&nbsp;mo\u017cesz dowiedzie\u0107 si\u0119 wi\u0119cej o&nbsp;hostingu i&nbsp;sprawdzi\u0107 polityk\u0119 prywatno\u015bci firmy hostingowej.<\/li><li>Firma hostingowa:<ul><li>stosuje \u015brodki ochrony przed&nbsp;utrat\u0105 danych (np.&nbsp;macierze dyskowe, regularne kopie bezpiecze\u0144stwa),<\/li><li>stosuje adekwatne \u015brodki ochrony miejsc przetwarzania na&nbsp;wypadek po\u017caru (np.&nbsp;specjalne systemy ga\u015bnicze),<\/li><li>stosuje adekwatne \u015brodki ochrony system\u00f3w przetwarzania na&nbsp;wypadek nag\u0142ej awarii zasilania (np.&nbsp;podw\u00f3jne tory zasilania, agregaty, systemy podtrzymania napi\u0119cia UPS),<\/li><li>stosuje \u015brodki fizycznej ochrony dost\u0119pu do&nbsp;miejsc przetwarzania danych (np.&nbsp;kontrola dost\u0119pu, monitoring),<\/li><li>stosuje \u015brodki zapewnienia odpowiednich warunk\u00f3w \u015brodowiskowych dla serwer\u00f3w jako element\u00f3w systemu przetwarzania danych (np.&nbsp;kontrola warunk\u00f3w \u015brodowiskowych, specjalistyczne systemy klimatyzacji),<\/li><li>stosuje rozwi\u0105zania organizacyjne dla zapewnienia mo\u017cliwie wysokiego stopnia ochrony i&nbsp;poufno\u015bci (szkolenia, wewn\u0119trzne regulaminy, polityki hase\u0142 itp.),<\/li><li>powo\u0142a\u0142a Inspektora Ochrony Danych.<\/li><\/ul><\/li><li>Firma hostingowa w&nbsp;celu zapewnienia niezawodno\u015bci technicznej prowadzi logi na&nbsp;poziomie serwera. Zapisowi mog\u0105 podlega\u0107:<ul><li>zasoby okre\u015blone identyfikatorem URL (adresy \u017c\u0105danych zasob\u00f3w \u2013 stron, plik\u00f3w),<\/li><li>czas nadej\u015bcia zapytania,<\/li><li>czas wys\u0142ania odpowiedzi,<\/li><li>nazw\u0119 stacji klienta \u2013 identyfikacja realizowana przez&nbsp;protok\u00f3\u0142 HTTP,<\/li><li>informacje o&nbsp;b\u0142\u0119dach jakie nast\u0105pi\u0142y przy realizacji transakcji HTTP,<\/li><li>adres URL strony poprzednio odwiedzanej przez&nbsp;u\u017cytkownika (referer link) \u2013 w&nbsp;przypadku gdy&nbsp;przej\u015bcie do&nbsp;Serwisu nast\u0105pi\u0142o przez&nbsp;odno\u015bnik,<\/li><li>informacje o&nbsp;przegl\u0105darce u\u017cytkownika,<\/li><li>informacje o&nbsp;adresie IP,<\/li><li>informacje diagnostyczne zwi\u0105zane z&nbsp;procesem samodzielnego zamawiania us\u0142ug poprzez rejestratory na&nbsp;stronie,<\/li><li>informacje zwi\u0105zane z&nbsp;obs\u0142ug\u0105 poczty elektronicznej kierowanej do&nbsp;Operatora oraz&nbsp;wysy\u0142anej przez&nbsp;Operatora.<\/li><\/ul><\/li><\/ol>\n\n\n\n<h2 class=\"wp-block-heading\"><strong>4. Twoje&nbsp;prawa i&nbsp;dodatkowe informacje o&nbsp;sposobie wykorzystania danych<\/strong><\/h2>\n\n\n\n<ol class=\"wp-block-list\"><li>W&nbsp;niekt\u00f3rych sytuacjach Administrator ma prawo przekazywa\u0107 Twoje&nbsp;dane osobowe innym odbiorcom, je\u015bli b\u0119dzie to&nbsp;niezb\u0119dne do&nbsp;wykonania zawartej z&nbsp;Tob\u0105 umowy lub do&nbsp;zrealizowania obowi\u0105zk\u00f3w ci\u0105\u017c\u0105cych na&nbsp;Administratorze. Dotyczy to&nbsp;takich grup odbiorc\u00f3w:<ul><li>osoby upowa\u017cnione przez&nbsp;nas, pracownicy i&nbsp;wsp\u00f3\u0142prcownicy, kt\u00f3rzy&nbsp;musz\u0105 mie\u0107 dost\u0119p do&nbsp;danych osobowych w&nbsp;celu wykonywania swoich obowi\u0105zk\u00f3w,<\/li><li>firma hostingowa,<\/li><li>firmy obs\u0142uguj\u0105ca mailingi,<\/li><li>firmy obs\u0142uguj\u0105ca komunikaty SMS,<\/li><li>firmy, z&nbsp;kt\u00f3rymi Administrator wsp\u00f3\u0142pracuje w&nbsp;zakresie marketingu w\u0142asnego,<\/li><li>kurierzy,<\/li><li>ubezpieczyciele,<\/li><li>kancelarie prawne i&nbsp;windykatorzy,<\/li><li>banki,<\/li><li>operatorzy p\u0142atno\u015bci,<\/li><li>organy publiczne.<\/li><\/ul><\/li><li>Twoje&nbsp;dane osobowe przetwarzane przez&nbsp;Administratora nie&nbsp;d\u0142u\u017cej, ni\u017c jest to&nbsp;konieczne do&nbsp;wykonania zwi\u0105zanych z&nbsp;nimi czynno\u015bci okre\u015blonych osobnymi przepisami (np.&nbsp;o&nbsp;prowadzeniu rachunkowo\u015bci). W&nbsp;odniesieniu do&nbsp;danych marketingowych dane nie&nbsp;b\u0119d\u0105 przetwarzane d\u0142u\u017cej ni\u017c przez&nbsp;3 lata.<\/li><li>Przys\u0142uguje Ci prawo \u017c\u0105dania od&nbsp;Administratora:<ul><li>dost\u0119pu do&nbsp;danych osobowych Ciebie dotycz\u0105cych,<\/li><li>ich sprostowania,<\/li><li>usuni\u0119cia,<\/li><li>ograniczenia przetwarzania,<\/li><li>oraz&nbsp;przenoszenia danych.<\/li><\/ul><\/li><li>Przys\u0142uguje Ci prawo do&nbsp;z\u0142o\u017cenia sprzeciwu w&nbsp;zakresie przetwarzania wskazanego w&nbsp;pkt 3.3 c) wobec przetwarzania danych osobowych w&nbsp;celu wykonania prawnie uzasadnionych interes\u00f3w realizowanych przez&nbsp;Administratora, w&nbsp;tym profilowania, przy czym prawo sprzeciwu nie&nbsp;b\u0119dzie mog\u0142o by\u0107 wykonane w&nbsp;przypadku istnienia wa\u017cnych prawnie uzasadnionych podstaw do&nbsp;przetwarzania, nadrz\u0119dnych wobec Ciebie interes\u00f3w, praw i&nbsp;wolno\u015bci, w&nbsp;szczeg\u00f3lno\u015bci ustalenia, dochodzenia lub obrony roszcze\u0144.<\/li><li>Na&nbsp;dzia\u0142ania Administratora przys\u0142uguje skarga do&nbsp;Prezesa Urz\u0119du Ochrony Danych Osobowych, ul.&nbsp;Stawki 2, 00-193 Warszawa.<\/li><li>Podanie danych osobowych jest dobrowolne, lecz&nbsp;niezb\u0119dne do&nbsp;obs\u0142ugi Serwisu.<\/li><li>W&nbsp;stosunku do&nbsp;Ciebie mog\u0105 by\u0107 podejmowane czynno\u015bci polegaj\u0105ce na&nbsp;zautomatyzowanym podejmowaniu decyzji, w&nbsp;tym profilowaniu w&nbsp;celu \u015bwiadczenia us\u0142ug w&nbsp;ramach zawartej umowy oraz&nbsp;w&nbsp;celu prowadzenia przez&nbsp;Administratora marketingu bezpo\u015bredniego.<\/li><li>Dane osobowe nie&nbsp;s\u0105 przekazywane od&nbsp;kraj\u00f3w trzecich w&nbsp;rozumieniu przepis\u00f3w o&nbsp;ochronie danych osobowych. Oznacza to, \u017ce&nbsp;nie&nbsp;przesy\u0142amy ich poza teren Unii Europejskiej.<\/li><\/ol>\n\n\n\n<h2 class=\"wp-block-heading\"><strong>5. Informacje w&nbsp;formularzach<\/strong><\/h2>\n\n\n\n<ol class=\"wp-block-list\"><li>Serwis zbiera informacje podane dobrowolnie przez&nbsp;u\u017cytkownika, w&nbsp;tym dane osobowe, o&nbsp;ile zostan\u0105 one podane.<\/li><li>Serwis mo\u017ce zapisa\u0107 informacje o&nbsp;parametrach po\u0142\u0105czenia (oznaczenie czasu, adres IP).<\/li><li>Serwis, w&nbsp;niekt\u00f3rych wypadkach, mo\u017ce zapisa\u0107 informacj\u0119 u\u0142atwiaj\u0105c\u0105 powi\u0105zanie danych w&nbsp;formularzu z&nbsp;adresem e-mail u\u017cytkownika wype\u0142niaj\u0105cego formularz. W&nbsp;takim wypadku adres e-mail u\u017cytkownika pojawia si\u0119 wewn\u0105trz adresu url strony zawieraj\u0105cej formularz.<\/li><li>Dane podane w&nbsp;formularzu s\u0105 przetwarzane w&nbsp;celu wynikaj\u0105cym z&nbsp;funkcji konkretnego formularza, np.&nbsp;w&nbsp;celu dokonania procesu obs\u0142ugi zg\u0142oszenia serwisowego lub kontaktu handlowego, rejestracji us\u0142ug itp. Ka\u017cdorazowo kontekst i&nbsp;opis formularza w&nbsp;czytelny spos\u00f3b informuje, do&nbsp;czego on s\u0142u\u017cy.<\/li><\/ol>\n\n\n\n<h2 class=\"wp-block-heading\"><strong>6. Logi Administratora<\/strong><\/h2>\n\n\n\n<ol class=\"wp-block-list\"><li>Informacje zachowaniu u\u017cytkownik\u00f3w w&nbsp;serwisie mog\u0105 podlega\u0107 logowaniu. Dane te s\u0105 wykorzystywane w&nbsp;celu administrowania serwisem.<\/li><\/ol>\n\n\n\n<h2 class=\"wp-block-heading\"><strong>7. Istotne techniki marketingowe<\/strong><\/h2>\n\n\n\n<ol class=\"wp-block-list\"><li>Operator stosuje analiz\u0119 statystyczn\u0105 ruchu na&nbsp;stronie, poprzez Google Analytics (Google Inc. z&nbsp;siedzib\u0105 w&nbsp;USA). Operator nie&nbsp;przekazuje do&nbsp;operatora tej&nbsp;us\u0142ugi danych osobowych, a&nbsp;jedynie zanonimizowane informacje. Us\u0142uga bazuje na&nbsp;wykorzystaniu ciasteczek w&nbsp;urz\u0105dzeniu ko\u0144cowym u\u017cytkownika. W&nbsp;zakresie informacji o&nbsp;preferencjach u\u017cytkownika gromadzonych przez&nbsp;sie\u0107 reklamow\u0105 Google u\u017cytkownik mo\u017ce przegl\u0105da\u0107 i&nbsp;edytowa\u0107 informacje wynikaj\u0105ce z&nbsp;plik\u00f3w cookies przy pomocy narz\u0119dzia: https:\/\/www.google.com\/ads\/preferences\/<\/li><\/ol>\n\n\n\n<h2 class=\"wp-block-heading\"><strong>8. Informacja o&nbsp;plikach cookies<\/strong><\/h2>\n\n\n\n<ol class=\"wp-block-list\"><li>Serwis korzysta z&nbsp;plik\u00f3w cookies.<\/li><li>Pliki cookies (tzw. \u201eciasteczka\u201d) stanowi\u0105 dane informatyczne, w&nbsp;szczeg\u00f3lno\u015bci pliki tekstowe, kt\u00f3re przechowywane s\u0105 w&nbsp;urz\u0105dzeniu ko\u0144cowym U\u017cytkownika Serwisu i&nbsp;przeznaczone s\u0105 do&nbsp;korzystania ze&nbsp;stron internetowych Serwisu. Cookies zazwyczaj zawieraj\u0105 nazw\u0119 strony internetowej, z&nbsp;kt\u00f3rej&nbsp;pochodz\u0105, czas przechowywania ich na&nbsp;urz\u0105dzeniu ko\u0144cowym oraz&nbsp;unikalny numer.<\/li><li>Podmiotem zamieszczaj\u0105cym na&nbsp;urz\u0105dzeniu ko\u0144cowym U\u017cytkownika Serwisu pliki cookies oraz&nbsp;uzyskuj\u0105cym do&nbsp;nich dost\u0119p jest operator Serwisu.<\/li><li>Pliki cookies wykorzystywane s\u0105 w&nbsp;nast\u0119puj\u0105cych celach:<ol><li>utrzymanie sesji u\u017cytkownika Serwisu (po&nbsp;zalogowaniu), dzi\u0119ki kt\u00f3rej&nbsp;u\u017cytkownik nie&nbsp;musi na&nbsp;ka\u017cdej podstronie Serwisu ponownie wpisywa\u0107 loginu i&nbsp;has\u0142a;<\/li><li>realizacji cel\u00f3w okre\u015blonych powy\u017cej w&nbsp;cz\u0119\u015bci &#8222;Istotne techniki marketingowe&#8221;;<\/li><\/ol><\/li><li>W&nbsp;ramach Serwisu stosowane s\u0105 dwa zasadnicze rodzaje plik\u00f3w cookies: \u201esesyjne\u201d (session cookies) oraz&nbsp;\u201esta\u0142e\u201d (persistent cookies). Cookies \u201esesyjne\u201d s\u0105 plikami tymczasowymi, kt\u00f3re przechowywane s\u0105 w&nbsp;urz\u0105dzeniu ko\u0144cowym U\u017cytkownika do&nbsp;czasu wylogowania, opuszczenia strony internetowej lub wy\u0142\u0105czenia oprogramowania (przegl\u0105darki internetowej). \u201eSta\u0142e\u201d pliki cookies przechowywane s\u0105 w&nbsp;urz\u0105dzeniu ko\u0144cowym U\u017cytkownika przez&nbsp;czas okre\u015blony w&nbsp;parametrach plik\u00f3w cookies lub do&nbsp;czasu ich usuni\u0119cia przez&nbsp;U\u017cytkownika.<\/li><li>Oprogramowanie do&nbsp;przegl\u0105dania stron internetowych (przegl\u0105darka internetowa) zazwyczaj domy\u015blnie dopuszcza przechowywanie plik\u00f3w cookies w&nbsp;urz\u0105dzeniu ko\u0144cowym U\u017cytkownika. U\u017cytkownicy Serwisu mog\u0105 dokona\u0107 zmiany ustawie\u0144 w&nbsp;tym zakresie.&nbsp;Przegl\u0105darka internetowa umo\u017cliwia usuni\u0119cie plik\u00f3w cookies. Mo\u017cliwe jest tak\u017ce automatyczne blokowanie plik\u00f3w cookies Szczeg\u00f3\u0142owe informacje na&nbsp;ten temat zawiera pomoc lub dokumentacja przegl\u0105darki internetowej.<\/li><li>Ograniczenia stosowania plik\u00f3w cookies mog\u0105 wp\u0142yn\u0105\u0107 na&nbsp;niekt\u00f3re funkcjonalno\u015bci dost\u0119pne na&nbsp;stronach internetowych Serwisu.<\/li><li>Pliki cookies zamieszczane w&nbsp;urz\u0105dzeniu ko\u0144cowym U\u017cytkownika Serwisu wykorzystywane mog\u0105 by\u0107 r\u00f3wnie\u017c przez&nbsp;wsp\u00f3\u0142pracuj\u0105ce z&nbsp;operatorem Serwisu podmioty, w&nbsp;szczeg\u00f3lno\u015bci dotyczy to&nbsp;firm: Google (Google Inc. z&nbsp;siedzib\u0105 w&nbsp;USA), Facebook (Facebook Inc. z&nbsp;siedzib\u0105 w&nbsp;USA), Twitter (Twitter Inc. z&nbsp;siedzib\u0105 w&nbsp;USA).<\/li><\/ol>\n\n\n\n<h2 class=\"wp-block-heading\"><strong>9. Zarz\u0105dzanie plikami cookies \u2013 jak w&nbsp;praktyce wyra\u017ca\u0107 i&nbsp;cofa\u0107 zgod\u0119?<\/strong><\/h2>\n\n\n\n<ol class=\"wp-block-list\"><li>Je\u015bli u\u017cytkownik nie&nbsp;chce otrzymywa\u0107 plik\u00f3w cookies, mo\u017ce zmieni\u0107 ustawienia przegl\u0105darki. Zastrzegamy, \u017ce&nbsp;wy\u0142\u0105czenie obs\u0142ugi plik\u00f3w cookies niezb\u0119dnych dla proces\u00f3w uwierzytelniania, bezpiecze\u0144stwa, utrzymania preferencji u\u017cytkownika mo\u017ce utrudni\u0107,&nbsp;a&nbsp;w&nbsp;skrajnych przypadkach mo\u017ce uniemo\u017cliwi\u0107 korzystanie ze&nbsp;stron www<\/li><li>W&nbsp;celu zarz\u0105dzania ustawienia cookies wybierz z&nbsp;listy poni\u017cej przegl\u0105dark\u0119 internetow\u0105, kt\u00f3rej&nbsp;u\u017cywasz i&nbsp;post\u0119puj zgodnie z&nbsp;instrukcjami:<ul><li><a href=\"https:\/\/support.microsoft.com\/pl-pl\/help\/10607\/microsoft-edge-view-delete-browser-history\">Edge<\/a><\/li><li><a href=\"https:\/\/support.microsoft.com\/pl-pl\/help\/278835\/how-to-delete-cookie-files-in-internet-explorer\">Internet Explorer<\/a><\/li><li><a href=\"http:\/\/support.google.com\/chrome\/bin\/answer.py?hl=pl&amp;answer=95647\">Chrome<\/a><\/li><li><a href=\"http:\/\/support.apple.com\/kb\/PH5042\">Safari<\/a><\/li><li><a href=\"http:\/\/support.mozilla.org\/pl\/kb\/W%C5%82%C4%85czanie%20i%20wy%C5%82%C4%85czanie%20obs%C5%82ugi%20ciasteczek\">Firefox<\/a><\/li><li><a href=\"http:\/\/help.opera.com\/Windows\/12.10\/pl\/cookies.html\">Opera<\/a><\/li><\/ul>Urz\u0105dzenia mobilne:<ul><li><a href=\"http:\/\/support.google.com\/chrome\/bin\/answer.py?hl=pl&amp;answer=95647\">Android<\/a><\/li><li><a href=\"http:\/\/support.apple.com\/kb\/HT1677?viewlocale=pl_PL\">Safari (iOS)<\/a><\/li><li><a href=\"http:\/\/www.windowsphone.com\/pl-pl\/how-to\/wp7\/web\/changing-privacy-and-other-browser-settings\">Windows Phone<\/a><\/li><\/ul><\/li><\/ol>\n\n\n\n<p>Niniejszy wz\u00f3r polityki zosta\u0142 wygenerowany bezp\u0142atnie, w&nbsp;celach informacyjnych, w&nbsp;oparciu o&nbsp;nasz\u0105 wiedz\u0119, bran\u017cowe praktyki i&nbsp;przepisy prawa obowi\u0105zuj\u0105ce na&nbsp;dzie\u0144 2018-08-14. Zalecamy sprawdzenie wzoru polityki przed&nbsp;u\u017cyciem jej na&nbsp;stronie. Wz\u00f3r opiera si\u0119 na&nbsp;najcz\u0119\u015bciej wyst\u0119puj\u0105cych na&nbsp;stronach internetowych sytuacjach, ale&nbsp;mo\u017ce nie&nbsp;odzwierciedla\u0107 pe\u0142nej i&nbsp;dok\u0142adnej specyfiki Twojej&nbsp;strony www. Przeczytaj uwa\u017cnie wygenerowany dokument i&nbsp;w&nbsp;razie potrzeb dostosuj go do&nbsp;Twojej&nbsp;sytuacji lub zasi\u0119gnij porady prawnej. Nie&nbsp;bierzemy odpowiedziano\u015bci za&nbsp;skutki pos\u0142ugiwania si\u0119 tym dokumentem, poniewa\u017c tylko&nbsp;Ty masz wp\u0142w na&nbsp;to, czy&nbsp;wszystkie informacje w&nbsp;nim zawarte s\u0105 zgodne z&nbsp;prawd\u0105. Zwr\u00f3\u0107 tak\u017ce uwag\u0119, \u017ce&nbsp;Polityka Prywatno\u015bci, nawet najlepsza, jest tylko&nbsp;jednym z&nbsp;ekment\u00f3w Twojej&nbsp;troski o&nbsp;dane osobowe i&nbsp;prywatno\u015b\u0107 u\u017cytkownika na&nbsp;stronie www.<\/p>\n\n\n\n<h2 class=\"wp-block-heading\"><\/h2>\n","protected":false},"excerpt":{"rendered":"<p>Polityka prywatno\u015bci opisuje zasady przetwarzania przez&nbsp;nas informacji na&nbsp;Tw\u00f3j&nbsp;temat, w&nbsp;tym danych osobowych oraz&nbsp;ciasteczek, czyli tzw. cookies. 1. Informacje og\u00f3lne Niniejsza polityka dotyczy Serwisu www, funkcjonuj\u0105cego pod&nbsp;adresem url:&nbsp;warszawskiedrukarnie.pl Operatorem serwisu oraz&nbsp;Administratorem danych osobowych jest: Zbigniew Chwedczuk 05-071 Sulej\u00f3wek Adres kontaktowy poczty elektronicznej operatora: lapek6@gmail.com Operator jest Administratorem Twoich&nbsp;danych osobowych w&nbsp;odniesieniu do&nbsp;danych podanych dobrowolnie w&nbsp;Serwisie. Serwis wykorzystuje dane [&hellip;]<\/p>\n","protected":false},"author":1,"featured_media":0,"parent":0,"menu_order":0,"comment_status":"closed","ping_status":"open","template":"","meta":{"footnotes":""},"class_list":["post-3","page","type-page","status-publish","hentry"],"jetpack_sharing_enabled":true,"_links":{"self":[{"href":"https:\/\/www.warszawskiedrukarnie.pl\/index.php?rest_route=\/wp\/v2\/pages\/3","targetHints":{"allow":["GET"]}}],"collection":[{"href":"https:\/\/www.warszawskiedrukarnie.pl\/index.php?rest_route=\/wp\/v2\/pages"}],"about":[{"href":"https:\/\/www.warszawskiedrukarnie.pl\/index.php?rest_route=\/wp\/v2\/types\/page"}],"author":[{"embeddable":true,"href":"https:\/\/www.warszawskiedrukarnie.pl\/index.php?rest_route=\/wp\/v2\/users\/1"}],"replies":[{"embeddable":true,"href":"https:\/\/www.warszawskiedrukarnie.pl\/index.php?rest_route=%2Fwp%2Fv2%2Fcomments&post=3"}],"version-history":[{"count":1,"href":"https:\/\/www.warszawskiedrukarnie.pl\/index.php?rest_route=\/wp\/v2\/pages\/3\/revisions"}],"predecessor-version":[{"id":56,"href":"https:\/\/www.warszawskiedrukarnie.pl\/index.php?rest_route=\/wp\/v2\/pages\/3\/revisions\/56"}],"wp:attachment":[{"href":"https:\/\/www.warszawskiedrukarnie.pl\/index.php?rest_route=%2Fwp%2Fv2%2Fmedia&parent=3"}],"curies":[{"name":"wp","href":"https:\/\/api.w.org\/{rel}","templated":true}]}}