{"id":417,"date":"2020-01-19T10:03:21","date_gmt":"2020-01-19T10:03:21","guid":{"rendered":"http:\/\/www.warszawskiedrukarnie.pl\/?page_id=417"},"modified":"2020-01-19T10:04:32","modified_gmt":"2020-01-19T10:04:32","slug":"drukarnia-naukowo-techniczna","status":"publish","type":"page","link":"https:\/\/www.warszawskiedrukarnie.pl\/?page_id=417","title":{"rendered":"Drukarnia Naukowo-Techniczna"},"content":{"rendered":"\n<div class=\"wp-block-image\"><figure class=\"aligncenter size-large\"><img fetchpriority=\"high\" decoding=\"async\" width=\"567\" height=\"326\" src=\"http:\/\/www.warszawskiedrukarnie.pl\/wp-content\/uploads\/2020\/01\/DNT1a.jpg\" alt=\"\" class=\"wp-image-28\" srcset=\"https:\/\/www.warszawskiedrukarnie.pl\/wp-content\/uploads\/2020\/01\/DNT1a.jpg 567w, https:\/\/www.warszawskiedrukarnie.pl\/wp-content\/uploads\/2020\/01\/DNT1a-300x172.jpg 300w\" sizes=\"(max-width: 567px) 100vw, 567px\" \/><\/figure><\/div>\n\n\n\n<p><strong>Warszawa, ul. Mi\u0144ska 65<\/strong><br> Dawniej nosi\u0142a nazw\u0119 \u201eRewolucji Pa\u017adzernikowej\u201d &#8211; uruchomienie produkcji nast\u0105pi\u0142o 7 listopada 1950 roku.<br> Drukarni\u0119 stanowi\u0142y 2 budynki na rogu ulicy Mi\u0144skiej i Chodawskiej, budynek produkcyjny i biurowiec. Wi\u0119kszo\u015b\u0107 maszyn by\u0142a produkcji radzieckiej, od pocz\u0105tku specjalizowa\u0142a si\u0119 w druku dzie\u0142 naukowych i technicznych. Ju\u017c od lat 50-tych drukarnia drukowa\u0142a na eksport do wydawnictw szwedzkich, zachodnioniemieckich i angielskich.<br> W latach 70-tych zak\u0142ad zatrudnia\u0142 oko\u0142o 1200 os\u00f3b i posiada\u0142 w\u0142asne przedszkole oraz ambulatorium.<br> W grudniu 1990 roku drukarnia zmieni\u0142a nazw\u0119 na  \u201eDrukarnia Naukowo-Techniczna\u201d, mimo zast\u0119powania wys\u0142u\u017conego sprz\u0119tu nowszym, wdro\u017cenia systemu zarz\u0105dzania ISO 9001:2000, zak\u0142ad radzi\u0142 sobie na coraz bardziej wymagaj\u0105cym rynku ze zmiennym szcz\u0119\u015bciem, przechodz\u0105c r\u00f3\u017cne okresy restrukturyzacji. <br> Po w\u0142\u0105czeniu do PAP wydawa\u0142o si\u0119, \u017ce wszystko jest na najlepszej drodze do rozwoju produkcji &#8211; niestety w 2012 roku og\u0142oszono upad\u0142o\u015b\u0107 drukarni i zwolniono ostatnich kilkudziesi\u0119ciu pracownik\u00f3w.<br> Najcenniejsz\u0105 pozosta\u0142o\u015bci\u0105 po drukarni jest dzia\u0142ka.<br> Zapraszamy do wsp\u00f3\u0142pracy osoby chc\u0105ce opisa\u0107 lisy drukarni i ludzi pracuj\u0105cych w niej.<\/p>\n\n\n\n<p><\/p>\n\n\n\n<p><a href=\"http:\/\/www.twoja-praga.pl\/praga\/fabryki\/2955.html\">http:\/\/www.twoja-praga.pl\/praga\/fabryki\/2955.html<\/a><\/p>\n","protected":false},"excerpt":{"rendered":"<p>Warszawa, ul. Mi\u0144ska 65 Dawniej nosi\u0142a nazw\u0119 \u201eRewolucji Pa\u017adzernikowej\u201d &#8211; uruchomienie produkcji nast\u0105pi\u0142o 7 listopada 1950 roku. Drukarni\u0119 stanowi\u0142y 2 budynki na rogu ulicy Mi\u0144skiej i Chodawskiej, budynek produkcyjny i biurowiec. Wi\u0119kszo\u015b\u0107 maszyn by\u0142a produkcji radzieckiej, od pocz\u0105tku specjalizowa\u0142a si\u0119 w druku dzie\u0142 naukowych i technicznych. Ju\u017c od lat 50-tych drukarnia drukowa\u0142a na eksport do [&hellip;]<\/p>\n","protected":false},"author":1,"featured_media":0,"parent":0,"menu_order":0,"comment_status":"closed","ping_status":"closed","template":"","meta":{"footnotes":""},"class_list":["post-417","page","type-page","status-publish","hentry"],"jetpack_sharing_enabled":true,"_links":{"self":[{"href":"https:\/\/www.warszawskiedrukarnie.pl\/index.php?rest_route=\/wp\/v2\/pages\/417","targetHints":{"allow":["GET"]}}],"collection":[{"href":"https:\/\/www.warszawskiedrukarnie.pl\/index.php?rest_route=\/wp\/v2\/pages"}],"about":[{"href":"https:\/\/www.warszawskiedrukarnie.pl\/index.php?rest_route=\/wp\/v2\/types\/page"}],"author":[{"embeddable":true,"href":"https:\/\/www.warszawskiedrukarnie.pl\/index.php?rest_route=\/wp\/v2\/users\/1"}],"replies":[{"embeddable":true,"href":"https:\/\/www.warszawskiedrukarnie.pl\/index.php?rest_route=%2Fwp%2Fv2%2Fcomments&post=417"}],"version-history":[{"count":2,"href":"https:\/\/www.warszawskiedrukarnie.pl\/index.php?rest_route=\/wp\/v2\/pages\/417\/revisions"}],"predecessor-version":[{"id":420,"href":"https:\/\/www.warszawskiedrukarnie.pl\/index.php?rest_route=\/wp\/v2\/pages\/417\/revisions\/420"}],"wp:attachment":[{"href":"https:\/\/www.warszawskiedrukarnie.pl\/index.php?rest_route=%2Fwp%2Fv2%2Fmedia&parent=417"}],"curies":[{"name":"wp","href":"https:\/\/api.w.org\/{rel}","templated":true}]}}