{"id":421,"date":"2020-01-19T10:06:18","date_gmt":"2020-01-19T10:06:18","guid":{"rendered":"http:\/\/www.warszawskiedrukarnie.pl\/?page_id=421"},"modified":"2020-09-04T13:12:20","modified_gmt":"2020-09-04T13:12:20","slug":"dom-slowa-polskiego","status":"publish","type":"page","link":"https:\/\/www.warszawskiedrukarnie.pl\/?page_id=421","title":{"rendered":"Dom S\u0142owa Polskiego"},"content":{"rendered":"\n<figure class=\"wp-block-image size-large\"><img fetchpriority=\"high\" decoding=\"async\" width=\"1024\" height=\"481\" src=\"http:\/\/www.warszawskiedrukarnie.pl\/wp-content\/uploads\/2020\/01\/DSP-1024x481.jpg\" alt=\"\" class=\"wp-image-24\" srcset=\"https:\/\/www.warszawskiedrukarnie.pl\/wp-content\/uploads\/2020\/01\/DSP-1024x481.jpg 1024w, https:\/\/www.warszawskiedrukarnie.pl\/wp-content\/uploads\/2020\/01\/DSP-300x141.jpg 300w, https:\/\/www.warszawskiedrukarnie.pl\/wp-content\/uploads\/2020\/01\/DSP-768x361.jpg 768w, https:\/\/www.warszawskiedrukarnie.pl\/wp-content\/uploads\/2020\/01\/DSP.jpg 1134w\" sizes=\"(max-width: 1024px) 100vw, 1024px\" \/><\/figure>\n\n\n\n<p>Zak\u0142ady Graficzne &#8222;Dom S\u0142owa Polskiego&#8221; (ZG &#8222;DSP&#8221;) istniej\u0105 od 22 lipca 1950 roku, kiedy to zako\u0144czona zosta\u0142a budowa kompleksu budynk\u00f3w przy ul. Miedzianej w Warszawie z przeznaczeniem na najwi\u0119kszy zak\u0142ad poligraficzny w Polsce. Sk\u0142ad tekstu olbrzymiej, jak na \u00f3wczesne czasy, ilo\u015bci gazet odbywa\u0142 si\u0119 na pi\u0119\u0107dziesi\u0119ciu linotypach. Druk natomiast na jednej maszynie PLAMAG. Dzi\u0119ki  inwestycjom ZG &#8222;DSP&#8221; mog\u0142y podj\u0105\u0107 si\u0119 ka\u017cdej produkcji poligraficznej, jaka by\u0142a do wykonania w tamtych latach w Polsce. Zak\u0142ady Graficzne by\u0142y wi\u0119c przygotowane do produkcji we wszystkich podstawowych technologiach poligraficznych wykonywanych drukiem wkl\u0119s\u0142ym, offsetowym i wypuk\u0142ym na papierach zwojowych i arkuszowych.  Z uwagi na posiadany potencja\u0142 produkcyjny i jako\u015b\u0107 produkt\u00f3w, mo\u017cna by\u0142o uzna\u0107 Zak\u0142ady Graficzne &#8222;Dom S\u0142owa Polskiego&#8221; za zak\u0142ad o \u015bwiatowych standardach.   <\/p>\n\n\n\n<p>Pod koniec lat osiemdziesi\u0105tych ubieg\u0142ego wieku, gdy dokonywa\u0142y si\u0119 zmiany ustrojowe pa\u0144stwa, udzia\u0142 przedsi\u0119biorstwa w  krajowej produkcji poligraficznej zacz\u0105\u0142 zdecydowanie  male\u0107. W sierpniu 2007 roku  przedsi\u0119biorstwo pa\u0144stwowe  Zak\u0142ady Graficzne &#8222;Dom S\u0142owa Polskiego&#8221; przekszta\u0142cone zosta\u0142o w  sp\u00f3\u0142k\u0119 akcyjn\u0105 pod firm\u0105 Zak\u0142ady Graficzne \u201eDom S\u0142owa Polskiego\u201d S.A..  Wcze\u015bniejsze decyzje, podejmowane  przez zarz\u0105dzaj\u0105cych przedsi\u0119biorstwem, postawi\u0142y podmiot w trudnej sytuacji finansowej i ekonomicznej. Powsta\u0142y podmiot nie odgrywa\u0142  ju\u017c znacz\u0105cej roli  na krajowym rynku poligraficznym. W kwietniu 2010 roku w\u0142a\u015bciciel postawi\u0142 Sp\u00f3\u0142k\u0119 w stan likwidacji  &#8211; Zak\u0142ady Graficzne \u201eDom S\u0142owa Polskiego\u201d S.A. w likwidacji. Jednym z zada\u0144 Likwidatora powo\u0142anego do zarz\u0105dzania Przedsi\u0119biorstwem jest spieni\u0119\u017cenie maj\u0105tku Sp\u00f3\u0142ki, w tym sprzeda\u017c nieruchomo\u015bci gruntowych.<\/p>\n\n\n\n<p>Dom S\u0142owa Polskiego w Warszawie (DSP) \u2013 najwi\u0119kszy zaklad poligraficzny w PRL zlokalizowany przy ulicy Miedzianej 11.<\/p>\n\n\n\n<p>Budow\u0119 kompleksu produkcyjnego zaprojektowanego przez Kazimierza Marczewskiego na dzia\u0142ce o powierzchni ok. 5 ha zlokalizowanej pomi\u0119dzy ulicami Towarow\u0105, Pa\u0144sk\u0105, Miedzian\u0105 i Srebrn\u0105 uko\u0144czono w roku 1950. Zak\u0142ad zosta\u0142 przekazany do u\u017cytkowania 22 lipca. Do 1953 dzia\u0142a\u0142 pod nazw\u0105 Zak\u0142ady Graficzne i Wydawnicze &#8222;Dom S\u0142owa Polskiego&#8221;, od 1953 jako Zak\u0142ady Graficzne &#8222;Dom S\u0142owa Polskiego&#8221;[1]. W latach 1973-1977 DSP zosta\u0142 zmodernizowany i rozbudowany.<\/p>\n\n\n\n<div class=\"wp-block-image\"><figure class=\"aligncenter size-large\"><img decoding=\"async\" width=\"788\" height=\"866\" src=\"http:\/\/www.warszawskiedrukarnie.pl\/wp-content\/uploads\/2020\/01\/robotnik-3-DSP.jpg\" alt=\"\" class=\"wp-image-26\" srcset=\"https:\/\/www.warszawskiedrukarnie.pl\/wp-content\/uploads\/2020\/01\/robotnik-3-DSP.jpg 788w, https:\/\/www.warszawskiedrukarnie.pl\/wp-content\/uploads\/2020\/01\/robotnik-3-DSP-273x300.jpg 273w, https:\/\/www.warszawskiedrukarnie.pl\/wp-content\/uploads\/2020\/01\/robotnik-3-DSP-768x844.jpg 768w\" sizes=\"(max-width: 788px) 100vw, 788px\" \/><\/figure><\/div>\n\n\n\n<p>Pocz\u0105tkowo by\u0142a to drukarnia prasowa. Druk odbywa\u0142 si\u0119 na jednej maszynie PLAMAG, sk\u0142ad natomiast by\u0142 realizowany na 50 linotypach. W p\u00f3\u017aniejszych latach uruchomiono nowe wydzia\u0142y &#8211; introligatorni\u0119, rotograwiur\u0119 i chemigrafi\u0119, dzi\u0119ki czemu DSP dzia\u0142a\u0142 jako drukarnia dzie\u0142owa.<\/p>\n\n\n\n<p>W listopadzie 1950 w specjalnie przystosowanej hali produkcyjnej DSP obradowa\u0142 II \u015awiatowy Kongres Obro\u0144c\u00f3w Pokoju, co upami\u0119tnia tablica pami\u0105tkowa przy wej\u015bciu o tre\u015bci:<\/p>\n\n\n\n<p>W tym gmachu w dniach od 16 do 22 listopada 1950 roku odby\u0142 si\u0119 II \u015awiatowy Kongres Obro\u0144c\u00f3w Pokoju. Na kongresie bohaterskie miasto Warszawa otrzyma\u0142o honorow\u0105 Mi\u0119dzynarodow\u0105 Nagrod\u0119 Pokoju. Z okazji XX-lecia Og\u00f3lnopolski Komitet Pokoju.<\/p>\n\n\n\n<p>W fabryce drukowano gazety m.in. &#8222;Trybun\u0119 Ludu\u201d, &#8222;Kurier Polski&#8221;, &#8222;Sztandar M\u0142odych\u201d, &#8222;\u017bo\u0142nierza Wolno\u015bci&#8221;, &#8222;M\u0142odego Technika&#8221;, &#8222;P\u0142omyczek&#8221; i &#8222;\u015awierszczyk&#8221; oraz ksi\u0105\u017cki, albumy i encyklopedie m.in. &#8222;Wielk\u0105 Encyklopedi\u0119 Powszechn\u0105 PWN&#8221; oraz &#8222;Ma\u0142\u0105 encyklopedi\u0119 powszechn\u0105 PWN&#8221; (pierwsz\u0105 w Polsce encyklopedi\u0119 wielobarwn\u0105). W 1989 w DSP by\u0142a drukowana &#8222;Gazeta Wyborcza&#8221;.<\/p>\n\n\n\n<p>W po\u0142owie lat 70. drukowano tutaj oko\u0142o 27 milion\u00f3w egzemplarzy ksi\u0105\u017cek, 510 milion\u00f3w egzemplarzy gazet i 195 milion\u00f3w egzemplarzy czasopism rocznie[2]. W ko\u0144cu 1975 zak\u0142ady zatrudnia\u0142y 2,6 tys. pracownik\u00f3w[3].<\/p>\n\n\n\n<p>Od kwietnia 2010 sp\u00f3\u0142ka znajduje si\u0119 w likwidacji[4]. W g\u0142\u00f3wnym budynku, opr\u00f3\u017cnionym z maszyn, mie\u015bci si\u0119 m.in. Centrum Handlowe Jupiter.<\/p>\n\n\n\n<p>W 1976 roku Dom S\u0142owa Polskiego zosta\u0142 odznaczony Orderem Sztandaru Pracy I. klasy[5].<\/p>\n\n\n\n<p><a href=\"http:\/\/www.youtube.com\/watch?v=Ow5CucBqpYo\">http:\/\/www.youtube.com\/watch?v=Ow5CucBqpYo<\/a> &#8211; budowa DSP<br> <a href=\"http:\/\/w215.wrzuta.pl\/film\/5KbNQlv4VDa\">http:\/\/w215.wrzuta.pl\/film\/5KbNQlv4VDa<\/a><\/p>\n","protected":false},"excerpt":{"rendered":"<p>Zak\u0142ady Graficzne &#8222;Dom S\u0142owa Polskiego&#8221; (ZG &#8222;DSP&#8221;) istniej\u0105 od 22 lipca 1950 roku, kiedy to zako\u0144czona zosta\u0142a budowa kompleksu budynk\u00f3w przy ul. Miedzianej w Warszawie z przeznaczeniem na najwi\u0119kszy zak\u0142ad poligraficzny w Polsce. Sk\u0142ad tekstu olbrzymiej, jak na \u00f3wczesne czasy, ilo\u015bci gazet odbywa\u0142 si\u0119 na pi\u0119\u0107dziesi\u0119ciu linotypach. Druk natomiast na jednej maszynie PLAMAG. Dzi\u0119ki inwestycjom [&hellip;]<\/p>\n","protected":false},"author":1,"featured_media":0,"parent":0,"menu_order":0,"comment_status":"closed","ping_status":"closed","template":"","meta":{"footnotes":""},"class_list":["post-421","page","type-page","status-publish","hentry"],"jetpack_sharing_enabled":true,"_links":{"self":[{"href":"https:\/\/www.warszawskiedrukarnie.pl\/index.php?rest_route=\/wp\/v2\/pages\/421","targetHints":{"allow":["GET"]}}],"collection":[{"href":"https:\/\/www.warszawskiedrukarnie.pl\/index.php?rest_route=\/wp\/v2\/pages"}],"about":[{"href":"https:\/\/www.warszawskiedrukarnie.pl\/index.php?rest_route=\/wp\/v2\/types\/page"}],"author":[{"embeddable":true,"href":"https:\/\/www.warszawskiedrukarnie.pl\/index.php?rest_route=\/wp\/v2\/users\/1"}],"replies":[{"embeddable":true,"href":"https:\/\/www.warszawskiedrukarnie.pl\/index.php?rest_route=%2Fwp%2Fv2%2Fcomments&post=421"}],"version-history":[{"count":3,"href":"https:\/\/www.warszawskiedrukarnie.pl\/index.php?rest_route=\/wp\/v2\/pages\/421\/revisions"}],"predecessor-version":[{"id":425,"href":"https:\/\/www.warszawskiedrukarnie.pl\/index.php?rest_route=\/wp\/v2\/pages\/421\/revisions\/425"}],"wp:attachment":[{"href":"https:\/\/www.warszawskiedrukarnie.pl\/index.php?rest_route=%2Fwp%2Fv2%2Fmedia&parent=421"}],"curies":[{"name":"wp","href":"https:\/\/api.w.org\/{rel}","templated":true}]}}