{"id":432,"date":"2020-01-19T10:17:31","date_gmt":"2020-01-19T10:17:31","guid":{"rendered":"http:\/\/www.warszawskiedrukarnie.pl\/?page_id=432"},"modified":"2020-01-19T10:17:31","modified_gmt":"2020-01-19T10:17:31","slug":"wojskowe-zaklady-graficzne","status":"publish","type":"page","link":"https:\/\/www.warszawskiedrukarnie.pl\/?page_id=432","title":{"rendered":"Wojskowe Zak\u0142ady Graficzne"},"content":{"rendered":"\n<div class=\"wp-block-image\"><figure class=\"aligncenter size-large\"><img fetchpriority=\"high\" decoding=\"async\" width=\"1024\" height=\"768\" src=\"http:\/\/www.warszawskiedrukarnie.pl\/wp-content\/uploads\/2020\/01\/WZG1-1024x768.jpg\" alt=\"\" class=\"wp-image-40\" srcset=\"https:\/\/www.warszawskiedrukarnie.pl\/wp-content\/uploads\/2020\/01\/WZG1-1024x768.jpg 1024w, https:\/\/www.warszawskiedrukarnie.pl\/wp-content\/uploads\/2020\/01\/WZG1-300x225.jpg 300w, https:\/\/www.warszawskiedrukarnie.pl\/wp-content\/uploads\/2020\/01\/WZG1-768x576.jpg 768w, https:\/\/www.warszawskiedrukarnie.pl\/wp-content\/uploads\/2020\/01\/WZG1.jpg 1134w\" sizes=\"(max-width: 1024px) 100vw, 1024px\" \/><\/figure><\/div>\n\n\n\n<p>Wojskowe Zak\u0142ady Graficzne<br>\nGrzybowska 77, 00-844 Warszawa<br>\ntel. 226201261 <br>\nWojskowe Zak\u0142ady Graficzne w Warszawie podleg\u0142e Ministrowi Obrony Narodowej powsta\u0142y w 1947 r. jako Drukarnia Wydawnictwa MON &#8222;Prasa Wojskowa&#8221;. W obecnej chwili drukujemy takie tytu\u0142y jak: Dzia\u0142kowiec, Wiadomosci W\u0119dkarskie, NIE, Solidarno\u015b\u0107, S\u0142u\u017cba Zdrowia, Nasza Legia, Estates News, Tele-Geant, Tele-Leader, Tele-Program, Tele-Albert, P\u0142omyczek, Poznaj Sw\u00f3j Kraj, Ma\u0142y Modelarz, Zielone Lubuskie i inne. Ponadto sta\u0142ymi zleceniodawcami Wojskowych Zak\u0142ad\u00f3w Graficznych s\u0105: PZU S.A., PKO BP, ZUS, M <\/p>\n\n\n\n<p>Na miejscu Wojskowych Zak\u0142ad\u00f3w Graficznych przy Grzybowskiej firma Ghelamco buduje wie\u017cowiec Warsaw Spire<\/p>\n\n\n\n<p><a href=\"http:\/\/albumpolski.pl\/artykul\/Poligrafia-wojskowa-okruchy-z-historii\/46\/726\">http:\/\/albumpolski.pl\/artykul\/Poligrafia-wojskowa-okruchy-z-historii\/46\/726<\/a><br> Lata 1951 &#8211; 1953<\/p>\n\n\n\n<p>Tylko p\u00f3\u0142tora roku budowano specjalnie zaprojektowany na potrzeby nowoczesnej drukarni budynek u zbiegu ulic Grzybowskiej i Towarowej w kt\u00f3rym to do dzi\u015b WZGraf si\u0119 znajduje. W 1951 roku rozpocz\u0119to sprowadza\u0107 nowoczesne maszyny i urz\u0105dzenia poligraficzne niezb\u0119dne dla zak\u0142adu. R\u00f3wnie\u017c sam zak\u0142ad wzbudza\u0142 podziw, przestronny, klimatyzowany z doskona\u0142ym o\u015bwietleniem nowymi rega\u0142ami kasztami i szerokimi alejami specjalizacyjnymi na zecerni. Zainstalowano szesna\u015bcie linotyp\u00f3w, z czego sze\u015b\u0107 to najnowsze maszyny typu N -4 sprowadzone z Leningradu. Hala maszyn typograficznych wyposa\u017cona by\u0142a prawie ca\u0142kowicie w nowy sprz\u0119t. Z Nowogrodzkiej sprowadzono tylko trzy maszyny : \u201cMill\u201d, \u201cEuropa\u201d, i \u201cMann\u201d z r\u0119cznym nak\u0142adaniem. 11 nowoczesnych ca\u0142kowicie zautomatyzowanych maszyn typu \u201c Wizbrant\u201d, \u201cPlaneta\u201d i \u201cGudron\u201d przywieziono z Niemiec, jak prawie zreszt\u0105 wszystko, w ramach reparacji wojennych. Na hali maszyn offsetowych ustawiono dwie maszyny przetransportowane z Kr\u00f3lewskiej a pozosta\u0142e trzy \u201cPlanety\u201d sprowadzono r\u00f3wnie\u017c z Niemiec. Znacznie gorzej prezentowa\u0142y si\u0119 jednak zasoby przygotowalni offsetowej. Ustawiono r\u00f3wnie\u017c przeniesion\u0105 z Nowogrodzkiej rotacyjn\u0105 maszyn\u0119 gazetow\u0105 typu \u201cAlbert Frankenta\u201d. Najnowocze\u015bniej jednak prezentowa\u0142a si\u0119 introligatornia w kt\u00f3rej funkcjonowa\u0142y najnowocze\u015bniejsze na owe czasy elektryczne krajarki, tr\u00f3jno\u017ce, falcerki, blok\u00f3wki, niciarki, zszywarki wielog\u0142owicowe, maszyny do zbierania i oklejania ksi\u0105\u017cek. Trzeba r\u00f3wnie\u017c podkre\u015bli\u0107 , \u017ce drukarnia ta by\u0142a jedn\u0105 z najnowocze\u015bniejszych w Polsce a ponadto co wtedy by\u0142o ewenementem, wyposa\u017cona by\u0142a we wszelkiego rodzaju udogodnienia socjalne dla za\u0142ogi.<\/p>\n\n\n\n<p>W 1953 roku rozkazem nr 015\/MON z dnia 20 kwietnia utworzone zosta\u0142o przedsi\u0119biorstwo pa\u0144stwowe o nazwie Wojskowe Zak\u0142ady Graficzne funkcjonuj\u0105ce do kwietnia 2006.<\/p>\n\n\n\n<p>Lata 1953 &#8211; 1987<\/p>\n\n\n\n<p>Lata pi\u0119\u0107dziesi\u0105te to niezwykle szczeg\u00f3lny okres totalnego krajowego zrywy produkcyjnego. W zak\u0142adzie wypracowywane s\u0105 nowe modele organizacyjne a zadania produkcyjne za\u0142oga wykonuje ponadplanowo i przedterminowo. W 1954 roku wprowadzono instrukcj\u0119 techniczno &#8211; produkcyjn\u0105 okre\u015blaj\u0105ca procesy technologiczne i organizacyjne na wszystkich szczeblach. Sprawdzi\u0142a si\u0119 ona w dzia\u0142aniu bowiem na jej podstawie z czasem ujednolicono charakter produkcji w ca\u0142ym przemy\u015ble poligraficznym. Mimo ograniczonych nak\u0142ad\u00f3w finansowych na inwestycje systematycznie w miar\u0119 mo\u017cliwo\u015bci wys\u0142u\u017cone maszyny zast\u0119powano nowszymi. W 1954 roku dokupiono jeszcze dwie maszyny rotograwiurowe &#8211; arkuszowe typu \u201cPlaneta PET-6\u201d . Funkcjonowa\u0142y one do 1974 roku . W 1955 roku wymieniono stare ta\u015bmowe linotypy zast\u0119puj\u0105c je nowymi N-7, N-14, N-15. Zakupiono i zainstalowano tak\u017ce maszyn\u0119 do toczenia, szlifowania i polerowania cylindr\u00f3w rotograwiurowych firmy \u201c Polimikra\u201d. Dzi\u0119ki temu uzyskano znacznie lepsz\u0105 g\u0142ad\u017a cylindr\u00f3w co pozwala\u0142o osi\u0105gn\u0105\u0107 lepsz\u0105 jako\u015b\u0107 druku wkl\u0119s\u0142ego. Ogromn\u0105 ilo\u015b\u0107 unowocze\u015bnie\u0144 i modernizacji wprowadzali r\u00f3wnie\u017c sami pracownicy zak\u0142ad\u00f3w. W ramach akcji racjonalizatorskich zmodernizowano system do oprawy twardej, unowocze\u015bniono wiele z podzespo\u0142\u00f3w w maszynach rotograwiurowych , wprowadzono reorganizacj\u0119 podnosz\u0105c wydajno\u015b\u0107 w systemach produkcyjnych.<\/p>\n\n\n\n<p>W 1962 roku WZGraf przejmuje zadania i drukarni\u0119 MSW z Gol\u0119dzinowa uruchamiaj\u0105c nowy w\u00f3wczas wydzia\u0142 specjalny nazywany tak\u017ce \u201cdrukarni\u0105 wydzielon\u0105\u201d kt\u00f3ra przejmuje zadania drukowania materia\u0142\u00f3w o charakterze niejawnym.<\/p>\n\n\n\n<p>W pocz\u0105tkach lat siedemdziesi\u0105tych ogromnym osi\u0105gni\u0119ciem zak\u0142adu by\u0142o opracowanie i wdro\u017cenie nowej technologii produkcji p\u0142yt aluminiowych do druku offsetowego na co otrzymano patent. Do roku 1986, Wojskowe Zak\u0142ady Graficzne by\u0142y pierwsz\u0105 i jedyn\u0105 drukarni\u0105 kt\u00f3ra takie p\u0142yty produkowa\u0142a , stosowa\u0142a i dostarcza\u0142a innym zak\u0142adom poligraficznym. W owym czasie by\u0142o to osi\u0105gni\u0119cie bardzo znacz\u0105ce ze wzgl\u0119du na to , i\u017c eliminowa\u0142o ono konieczno\u015b\u0107 sprowadzania bardzo drogich p\u0142yt z zagranicy, czyli jak si\u0119 wtedy mawia\u0142o z drugiego obszaru p\u0142atniczego. Zako\u0144czenie tej produkcji wi\u0105za\u0142o si\u0119 z nasileniem procesu ochrony \u015brodowiska naturalnego i konsekwentnym wyeliminowaniem truj\u0105cych \u015bciek\u00f3w, jak r\u00f3wnie\u017c przej\u015bciem techniki offsetowej na p\u0142yty presensybilizowane oraz bimetalowe.<\/p>\n\n\n\n<p>W latach 1974 &#8211; 75 zakupiono w Szwajcarii nowoczesn\u0105 maszyn\u0119 rotograwiurow\u0105 \u201cWifag Rotomaster &#8211; 1000\u201d dzi\u0119ki kt\u00f3rej wydajno\u015b\u0107 drukowania znacznie wzros\u0142a. Wyeliminowane zosta\u0142y bowiem przerwy na wymian\u0119 zwoj\u00f3w papieru kt\u00f3ry w tej maszynie odbywa si\u0119 automatycznie w trakcie druku.<br>\nW 1985 roku przeprowadzono zakrojon\u0105 na szerok\u0105 skal\u0119 modernizacj\u0119 parku maszynowego. Zdemontowano najstarsze , najd\u0142u\u017cej pracuj\u0105ce maszyny typograficzne, mi\u0119dzy innymi \u201cPlanet\u0119 ZT 2b\u201d i \u201cPlanet\u0119 ZT-100\u201d. W ich miejsce zainstalowano \u201cPlanety\u201d P26-35W i P24-65W oraz dwukolorowy \u201cHeidelberg 102 -ZP\u201d z mo\u017cliwo\u015bci\u0105 przestawiania na druk dwustronny. Zmodernizowano tak\u017ce introligatornie dodaj\u0105c nowe falcerlki i maszyn\u0119 do zbierania i oprawiania drutem Zainstalowano nowe tr\u00f3jno\u017ce \u201cWohlenberg 44fm \/ Rot i \u201cPerfecta SDY &#8211; 1\u201d . Rok p\u00f3\u017aniej uruchomiono lini\u0119 do oprawy bezszwowej \u201cStarbinder\u201d firmy M\u00dcller-Martini\u201d Wprowadzono r\u00f3wnie\u017c nowatorskie w tym czasie technologie z zastosowaniem fotopolimer\u00f3w ograniczaj\u0105c tym samym stosowanie szkodliwego o\u0142owiu.<\/p>\n\n\n\n<p>W kolejnych etapach modernizacyjnych zak\u0142adu podj\u0119to produkcj\u0119 gazetow\u0105 co zmusi\u0142o zak\u0142ad do kupna nowych maszyn rolowych \u201cPlamag Rondoset- Petit\u201d i zorganizowania kompletnego dzia\u0142u produkcji gazetowej z systemem fotosk\u0142adu firmy \u201cAdressograph Multigraph International\u201d<\/p>\n\n\n\n<p>Andrzej Nowak, Warszawa<\/p>\n\n\n\n<p>Od autora: w kwietniu 2006 roku zak\u0142ady przesta\u0142y istnie\u0107 a na dzia\u0142ce kupionej przez Ghelamco dwa lata temu od syndyka Wojskowych Zak\u0142ad\u00f3w Graficznych stanie kolejny biurowiec. Wie\u017cowiec b\u0119dzie mie\u0107 podw\u00f3jn\u0105 szklan\u0105 fasad\u0119, kt\u00f3rej tafle maj\u0105 wznosi\u0107 si\u0119 nawet ponad ostatnim pi\u0119trem.. Za dwuhektarowy teren pomi\u0119dzy Grzybowsk\u0105, Wroni\u0105, \u0141uck\u0105 i Towarow\u0105 firma zap\u0142aci\u0142a astronomiczn\u0105 w\u00f3wczas kwot\u0119 85 mln z\u0142. &#8211; 180-metrowy budynek stanie w naro\u017cniku \u0141uckiej i Towarowej. Doliczaj\u0105c anten\u0119, b\u0119dzie mie\u0107 oko\u0142o 200 metr\u00f3w. <\/p>\n","protected":false},"excerpt":{"rendered":"<p>Wojskowe Zak\u0142ady Graficzne Grzybowska 77, 00-844 Warszawa tel. 226201261 Wojskowe Zak\u0142ady Graficzne w Warszawie podleg\u0142e Ministrowi Obrony Narodowej powsta\u0142y w 1947 r. jako Drukarnia Wydawnictwa MON &#8222;Prasa Wojskowa&#8221;. W obecnej chwili drukujemy takie tytu\u0142y jak: Dzia\u0142kowiec, Wiadomosci W\u0119dkarskie, NIE, Solidarno\u015b\u0107, S\u0142u\u017cba Zdrowia, Nasza Legia, Estates News, Tele-Geant, Tele-Leader, Tele-Program, Tele-Albert, P\u0142omyczek, Poznaj Sw\u00f3j Kraj, Ma\u0142y [&hellip;]<\/p>\n","protected":false},"author":1,"featured_media":0,"parent":0,"menu_order":0,"comment_status":"closed","ping_status":"closed","template":"","meta":{"footnotes":""},"class_list":["post-432","page","type-page","status-publish","hentry"],"jetpack_sharing_enabled":true,"_links":{"self":[{"href":"https:\/\/www.warszawskiedrukarnie.pl\/index.php?rest_route=\/wp\/v2\/pages\/432","targetHints":{"allow":["GET"]}}],"collection":[{"href":"https:\/\/www.warszawskiedrukarnie.pl\/index.php?rest_route=\/wp\/v2\/pages"}],"about":[{"href":"https:\/\/www.warszawskiedrukarnie.pl\/index.php?rest_route=\/wp\/v2\/types\/page"}],"author":[{"embeddable":true,"href":"https:\/\/www.warszawskiedrukarnie.pl\/index.php?rest_route=\/wp\/v2\/users\/1"}],"replies":[{"embeddable":true,"href":"https:\/\/www.warszawskiedrukarnie.pl\/index.php?rest_route=%2Fwp%2Fv2%2Fcomments&post=432"}],"version-history":[{"count":1,"href":"https:\/\/www.warszawskiedrukarnie.pl\/index.php?rest_route=\/wp\/v2\/pages\/432\/revisions"}],"predecessor-version":[{"id":434,"href":"https:\/\/www.warszawskiedrukarnie.pl\/index.php?rest_route=\/wp\/v2\/pages\/432\/revisions\/434"}],"wp:attachment":[{"href":"https:\/\/www.warszawskiedrukarnie.pl\/index.php?rest_route=%2Fwp%2Fv2%2Fmedia&parent=432"}],"curies":[{"name":"wp","href":"https:\/\/api.w.org\/{rel}","templated":true}]}}